{"id":3,"date":"2026-04-03T11:21:48","date_gmt":"2026-04-03T11:21:48","guid":{"rendered":"https:\/\/gezaspiegel.de\/?page_id=3"},"modified":"2026-04-06T05:18:54","modified_gmt":"2026-04-06T05:18:54","slug":"datenschutzrichtlinie","status":"publish","type":"page","link":"https:\/\/gezaspiegel.de\/index.php\/datenschutzrichtlinie\/","title":{"rendered":"Datenschutzrichtlinie"},"content":{"rendered":"\t\t<div data-elementor-type=\"wp-page\" data-elementor-id=\"3\" class=\"elementor elementor-3\" data-elementor-post-type=\"page\">\n\t\t\t\t\t\t<section class=\"elementor-section elementor-top-section elementor-element elementor-element-1c03ba0 elementor-section-full_width elementor-section-height-min-height elementor-section-height-default elementor-section-items-middle\" data-id=\"1c03ba0\" data-element_type=\"section\" data-e-type=\"section\" data-settings=\"{&quot;background_background&quot;:&quot;classic&quot;}\">\n\t\t\t\t\t\t\t<div class=\"elementor-background-overlay\"><\/div>\n\t\t\t\t\t\t\t<div class=\"elementor-container elementor-column-gap-no\">\n\t\t\t\t\t<div class=\"elementor-column elementor-col-100 elementor-top-column elementor-element elementor-element-d941a61\" data-id=\"d941a61\" data-element_type=\"column\" data-e-type=\"column\">\n\t\t\t<div class=\"elementor-widget-wrap elementor-element-populated\">\n\t\t\t\t\t\t<section class=\"elementor-section elementor-inner-section elementor-element elementor-element-cca927d elementor-section-boxed elementor-section-height-default elementor-section-height-default\" data-id=\"cca927d\" data-element_type=\"section\" data-e-type=\"section\">\n\t\t\t\t\t\t<div class=\"elementor-container elementor-column-gap-no\">\n\t\t\t\t\t<div class=\"elementor-column elementor-col-50 elementor-inner-column elementor-element elementor-element-e1e355d\" data-id=\"e1e355d\" data-element_type=\"column\" data-e-type=\"column\">\n\t\t\t<div class=\"elementor-widget-wrap elementor-element-populated\">\n\t\t\t\t\t\t\t<\/div>\n\t\t<\/div>\n\t\t\t\t<div class=\"elementor-column elementor-col-50 elementor-inner-column elementor-element elementor-element-ed2e749\" data-id=\"ed2e749\" data-element_type=\"column\" data-e-type=\"column\">\n\t\t\t<div class=\"elementor-widget-wrap\">\n\t\t\t\t\t\t\t<\/div>\n\t\t<\/div>\n\t\t\t\t\t<\/div>\n\t\t<\/section>\n\t\t\t\t\t<\/div>\n\t\t<\/div>\n\t\t\t\t\t<\/div>\n\t\t<\/section>\n\t\t<div class=\"elementor-element elementor-element-31f2540 e-flex e-con-boxed e-con e-parent\" data-id=\"31f2540\" data-element_type=\"container\" data-e-type=\"container\">\n\t\t\t\t\t<div class=\"e-con-inner\">\n\t\t\t\t<div class=\"elementor-element elementor-element-35911f8 elementor-widget elementor-widget-spacer\" data-id=\"35911f8\" data-element_type=\"widget\" data-e-type=\"widget\" data-widget_type=\"spacer.default\">\n\t\t\t\t\t\t\t<div class=\"elementor-spacer\">\n\t\t\t<div class=\"elementor-spacer-inner\"><\/div>\n\t\t<\/div>\n\t\t\t\t\t\t<\/div>\n\t\t\t\t<div class=\"elementor-element elementor-element-bad001e elementor-widget elementor-widget-text-editor\" data-id=\"bad001e\" data-element_type=\"widget\" data-e-type=\"widget\" data-widget_type=\"text-editor.default\">\n\t\t\t\t\t\t\t\t\t<p style=\"font-weight: 400;\"><b>gezaspiegel.de<\/b><span style=\"font-weight: 400;\"> respektiert Ihre Privatsph\u00e4re und verpflichtet sich, personenbezogene Daten gem\u00e4\u00df der Datenschutz-Grundverordnung (DSGVO) zu sch\u00fctzen. Personenbezogene Informationen, die \u00fcber unsere Website, einschlie\u00dflich Kontaktformularen, gesammelt werden, werden ausschlie\u00dflich zur Beantwortung von Anfragen und zur Verbesserung der Benutzererfahrung verwendet.<\/span><\/p>\n<p style=\"font-weight: 400;\"><span style=\"font-weight: 400;\">Wir geben pers\u00f6nliche Daten nicht an Dritte weiter, verkaufen oder vermieten sie nicht. Gesammelte Daten werden sicher gespeichert und nur von autorisiertem Personal verarbeitet. Nutzer haben das Recht, jederzeit Zugriff auf ihre Daten zu erhalten, diese zu berichtigen oder L\u00f6schung zu verlangen, indem sie uns \u00fcber das Kontaktformular kontaktieren.<\/span><\/p>\n<p style=\"font-weight: 400;\"><span style=\"font-weight: 400;\">Unsere Website verwendet Cookies und Analysetools ausschlie\u00dflich zur Verbesserung der Funktionalit\u00e4t und Nutzererfahrung. Diese Technologien erfassen keine pers\u00f6nlichen Identit\u00e4ten und werden nicht f\u00fcr Marketingzwecke verwendet. Nutzer k\u00f6nnen Cookie-Einstellungen \u00fcber ihren Browser verwalten.<\/span><\/p>\n<p style=\"font-weight: 400;\"><span style=\"font-weight: 400;\">Alle E-Mail-Kommunikationen erfolgen gem\u00e4\u00df DSGVO-Grunds\u00e4tzen, und eine Zustimmung ist f\u00fcr Abonnements oder Newsletter erforderlich. Wir informieren transparent \u00fcber die Datenerhebung und stellen sicher, dass Nutzer vollst\u00e4ndig \u00fcber die Nutzung ihrer personenbezogenen Daten informiert sind.<\/span><\/p>\n<p style=\"font-weight: 400;\"><span style=\"font-weight: 400;\">Obwohl wir Sicherheit priorisieren, kann keine Website absoluten Schutz garantieren. Nutzer sollten beim Einreichen sensibler Informationen Vorsicht walten lassen. Durch die Nutzung von <\/span><b>gezaspiegel.de<\/b><span style=\"font-weight: 400;\"> stimmen Sie den in dieser Datenschutzerkl\u00e4rung beschriebenen Praktiken zu.<\/span><\/p>\n<p style=\"font-weight: 400;\">Bitte beachten Sie, dass alle Inhalte auf <b>gezaspiegel.de<\/b> Bildungszwecken dienen. Wir bieten keine Finanz-, Rechts- oder Anlageberatung an, und gesammelte pers\u00f6nliche Daten werden niemals f\u00fcr solche Dienstleistungen verwendet.<\/p>\t\t\t\t\t\t\t\t<\/div>\n\t\t\t\t<div class=\"elementor-element elementor-element-2a2d581 elementor-widget elementor-widget-spacer\" data-id=\"2a2d581\" data-element_type=\"widget\" data-e-type=\"widget\" data-widget_type=\"spacer.default\">\n\t\t\t\t\t\t\t<div class=\"elementor-spacer\">\n\t\t\t<div class=\"elementor-spacer-inner\"><\/div>\n\t\t<\/div>\n\t\t\t\t\t\t<\/div>\n\t\t\t\t\t<\/div>\n\t\t\t\t<\/div>\n\t\t\t\t<\/div>\n\t\t","protected":false},"excerpt":{"rendered":"<p>gezaspiegel.de respektiert Ihre Privatsph\u00e4re und verpflichtet sich, personenbezogene Daten gem\u00e4\u00df der Datenschutz-Grundverordnung (DSGVO) zu sch\u00fctzen. Personenbezogene Informationen, die \u00fcber unsere Website, einschlie\u00dflich Kontaktformularen, gesammelt werden, werden ausschlie\u00dflich zur Beantwortung von Anfragen und zur Verbesserung der Benutzererfahrung verwendet. Wir geben pers\u00f6nliche Daten nicht an Dritte weiter, verkaufen oder vermieten sie nicht. Gesammelte Daten werden sicher gespeichert [&hellip;]<\/p>\n","protected":false},"author":1,"featured_media":0,"parent":0,"menu_order":0,"comment_status":"closed","ping_status":"closed","template":"","meta":{"footnotes":""},"class_list":["post-3","page","type-page","status-publish","hentry"],"aioseo_notices":[],"_links":{"self":[{"href":"https:\/\/gezaspiegel.de\/index.php\/wp-json\/wp\/v2\/pages\/3","targetHints":{"allow":["GET"]}}],"collection":[{"href":"https:\/\/gezaspiegel.de\/index.php\/wp-json\/wp\/v2\/pages"}],"about":[{"href":"https:\/\/gezaspiegel.de\/index.php\/wp-json\/wp\/v2\/types\/page"}],"author":[{"embeddable":true,"href":"https:\/\/gezaspiegel.de\/index.php\/wp-json\/wp\/v2\/users\/1"}],"replies":[{"embeddable":true,"href":"https:\/\/gezaspiegel.de\/index.php\/wp-json\/wp\/v2\/comments?post=3"}],"version-history":[{"count":8,"href":"https:\/\/gezaspiegel.de\/index.php\/wp-json\/wp\/v2\/pages\/3\/revisions"}],"predecessor-version":[{"id":126,"href":"https:\/\/gezaspiegel.de\/index.php\/wp-json\/wp\/v2\/pages\/3\/revisions\/126"}],"wp:attachment":[{"href":"https:\/\/gezaspiegel.de\/index.php\/wp-json\/wp\/v2\/media?parent=3"}],"curies":[{"name":"wp","href":"https:\/\/api.w.org\/{rel}","templated":true}]}}