{"id":12,"date":"2026-04-05T07:18:05","date_gmt":"2026-04-05T07:18:05","guid":{"rendered":"https:\/\/gezaspiegel.de\/?page_id=12"},"modified":"2026-04-06T05:10:04","modified_gmt":"2026-04-06T05:10:04","slug":"uber-uns","status":"publish","type":"page","link":"https:\/\/gezaspiegel.de\/index.php\/uber-uns\/","title":{"rendered":"\u00dcber uns"},"content":{"rendered":"\t\t<div data-elementor-type=\"wp-page\" data-elementor-id=\"12\" class=\"elementor elementor-12\" data-elementor-post-type=\"page\">\n\t\t\t\t\t\t<section class=\"elementor-section elementor-top-section elementor-element elementor-element-1595de1 elementor-section-full_width elementor-section-height-min-height elementor-section-height-default elementor-section-items-middle\" data-id=\"1595de1\" data-element_type=\"section\" data-e-type=\"section\" data-settings=\"{&quot;background_background&quot;:&quot;classic&quot;}\">\n\t\t\t\t\t\t\t<div class=\"elementor-background-overlay\"><\/div>\n\t\t\t\t\t\t\t<div class=\"elementor-container elementor-column-gap-no\">\n\t\t\t\t\t<div class=\"elementor-column elementor-col-100 elementor-top-column elementor-element elementor-element-659916b\" data-id=\"659916b\" data-element_type=\"column\" data-e-type=\"column\">\n\t\t\t<div class=\"elementor-widget-wrap elementor-element-populated\">\n\t\t\t\t\t\t<section class=\"elementor-section elementor-inner-section elementor-element elementor-element-660a646 elementor-section-boxed elementor-section-height-default elementor-section-height-default\" data-id=\"660a646\" data-element_type=\"section\" data-e-type=\"section\">\n\t\t\t\t\t\t<div class=\"elementor-container elementor-column-gap-no\">\n\t\t\t\t\t<div class=\"elementor-column elementor-col-50 elementor-inner-column elementor-element elementor-element-461f3e8\" data-id=\"461f3e8\" data-element_type=\"column\" data-e-type=\"column\">\n\t\t\t<div class=\"elementor-widget-wrap elementor-element-populated\">\n\t\t\t\t\t\t\t<\/div>\n\t\t<\/div>\n\t\t\t\t<div class=\"elementor-column elementor-col-50 elementor-inner-column elementor-element elementor-element-9a07873\" data-id=\"9a07873\" data-element_type=\"column\" data-e-type=\"column\">\n\t\t\t<div class=\"elementor-widget-wrap\">\n\t\t\t\t\t\t\t<\/div>\n\t\t<\/div>\n\t\t\t\t\t<\/div>\n\t\t<\/section>\n\t\t\t\t\t<\/div>\n\t\t<\/div>\n\t\t\t\t\t<\/div>\n\t\t<\/section>\n\t\t<div class=\"elementor-element elementor-element-a42b987 e-flex e-con-boxed e-con e-parent\" data-id=\"a42b987\" data-element_type=\"container\" data-e-type=\"container\">\n\t\t\t\t\t<div class=\"e-con-inner\">\n\t\t\t\t<div class=\"elementor-element elementor-element-257b85d elementor-widget elementor-widget-spacer\" data-id=\"257b85d\" data-element_type=\"widget\" data-e-type=\"widget\" data-widget_type=\"spacer.default\">\n\t\t\t\t\t\t\t<div class=\"elementor-spacer\">\n\t\t\t<div class=\"elementor-spacer-inner\"><\/div>\n\t\t<\/div>\n\t\t\t\t\t\t<\/div>\n\t\t\t\t<div class=\"elementor-element elementor-element-150885f elementor-widget elementor-widget-text-editor\" data-id=\"150885f\" data-element_type=\"widget\" data-e-type=\"widget\" data-widget_type=\"text-editor.default\">\n\t\t\t\t\t\t\t\t\t<h2 style=\"font-weight: 500;\"><b>Die Welt der Bildenden K\u00fcnste<\/b><\/h2><p style=\"font-weight: 400;\"><span style=\"font-weight: 400;\">Bildende Kunst ist ein tiefgr\u00fcndiger Ausdruck menschlicher Kreativit\u00e4t und bietet eine einzigartige Perspektive, um Emotionen, Kultur und die Entwicklung von Ideen zu erforschen. Auf <\/span><b>gezaspiegel.de<\/b><span style=\"font-weight: 400;\"> m\u00f6chten wir diese vielf\u00e4ltige Welt beleuchten, indem wir fundierte Bildungsinhalte bereitstellen, die sowohl traditionelle als auch zeitgen\u00f6ssische k\u00fcnstlerische Ausdrucksformen miteinander verbinden. Unser Fokus liegt auf abstrakter Kunst, Ausstellungsrezensionen, K\u00fcnstlerportr\u00e4ts und Einblicken in kreative Prozesse, sodass Leser die Breite und Tiefe visueller Erz\u00e4hlkunst verstehen k\u00f6nnen. Wir untersuchen, wie unterschiedliche Medien, von Malerei und Skulptur bis hin zu Mixed Media und digitalen Formen die Art und Weise pr\u00e4gen, wie K\u00fcnstler ihre Vision vermitteln.<\/span><\/p><p style=\"font-weight: 400;\"><span style=\"font-weight: 400;\">Wir sind der Ansicht, dass das Verst\u00e4ndnis des Kontexts eines Kunstwerks ebenso wichtig ist wie die visuelle Erfahrung selbst. Durch die Vorstellung von Ausstellungen und die Analyse einzelner Werke f\u00f6rdern unsere Inhalte ein tieferes Verst\u00e4ndnis f\u00fcr k\u00fcnstlerische Bewegungen, Stile und Techniken. Wir ermutigen unsere Leser, kritisch zu hinterfragen: nicht nur, was ein Kunstwerk darstellt, sondern auch, wie es breitere kulturelle, soziale und historische Einfl\u00fcsse widerspiegelt. Auf diese Weise m\u00f6chten wir ein nachdenkliches Verst\u00e4ndnis f\u00fcr bildende Kunst bei Kunstinteressierten, Studierenden und Lehrenden gleicherma\u00dfen f\u00f6rdern.<\/span><\/p><p style=\"font-weight: 400;\"><span style=\"font-weight: 400;\">K\u00fcnstlerportr\u00e4ts sind ein wesentlicher Bestandteil unserer Bildungsmission. Durch detaillierte Profile beleuchten wir die Wege, Philosophien und einzigartigen Herangehensweisen sowohl aufstrebender als auch etablierter K\u00fcnstler. Diese Einblicke helfen den Lesern zu verstehen, welche Hingabe, Experimente und Inspiration hinter den Werken stehen, die sie bewundern. Durch die Darstellung unterschiedlicher k\u00fcnstlerischer Stimmen betonen wir zudem Inklusivit\u00e4t und die Bedeutung vielf\u00e4ltiger Perspektiven in der zeitgen\u00f6ssischen Kunstdiskussion.<\/span><\/p><p style=\"font-weight: 400;\"><span style=\"font-weight: 400;\">Zus\u00e4tzlich zu K\u00fcnstlern und ihren Werken bieten wir Anleitungen zu k\u00fcnstlerischen Techniken und kreativen Prozessen. Diese Bildungsressourcen sollen Kreativit\u00e4t inspirieren und F\u00e4higkeiten f\u00f6rdern, sowohl f\u00fcr Anf\u00e4nger, die neue Medien ausprobieren, als auch f\u00fcr erfahrene Praktizierende, die ihre Fertigkeiten verfeinern m\u00f6chten. Unsere Inhalte bieten praxisnahe, schrittweise Erkl\u00e4rungen und ermutigen gleichzeitig zu eigenst\u00e4ndiger Exploration und Ausdruck.<\/span><\/p><p style=\"font-weight: 400;\">Obwohl unser Fokus haupts\u00e4chlich auf Bildung liegt, machen wir deutlich, dass <b>gezaspiegel.de<\/b> keine Finanz-, Rechts- oder Anlageberatung anbietet. Unsere Inhalte dienen ausschlie\u00dflich Informationszwecken und sollten nicht als Anleitung f\u00fcr finanzielle Entscheidungen im Zusammenhang mit Kunstinvestitionen oder Verk\u00e4ufen interpretiert werden. Durch die Kombination von umfassender Kunstberichterstattung mit praxisnahen Einblicken m\u00f6chten wir unseren Lesern Wissen, Wertsch\u00e4tzung und Inspiration f\u00fcr ihre eigenen kreativen Wege vermitteln.<\/p>\t\t\t\t\t\t\t\t<\/div>\n\t\t\t\t<div class=\"elementor-element elementor-element-53ed4ac elementor-widget elementor-widget-spacer\" data-id=\"53ed4ac\" data-element_type=\"widget\" data-e-type=\"widget\" data-widget_type=\"spacer.default\">\n\t\t\t\t\t\t\t<div class=\"elementor-spacer\">\n\t\t\t<div class=\"elementor-spacer-inner\"><\/div>\n\t\t<\/div>\n\t\t\t\t\t\t<\/div>\n\t\t\t\t\t<\/div>\n\t\t\t\t<\/div>\n\t\t\t\t<\/div>\n\t\t","protected":false},"excerpt":{"rendered":"<p>Die Welt der Bildenden K\u00fcnste Bildende Kunst ist ein tiefgr\u00fcndiger Ausdruck menschlicher Kreativit\u00e4t und bietet eine einzigartige Perspektive, um Emotionen, Kultur und die Entwicklung von Ideen zu erforschen. Auf gezaspiegel.de m\u00f6chten wir diese vielf\u00e4ltige Welt beleuchten, indem wir fundierte Bildungsinhalte bereitstellen, die sowohl traditionelle als auch zeitgen\u00f6ssische k\u00fcnstlerische Ausdrucksformen miteinander verbinden. Unser Fokus liegt auf [&hellip;]<\/p>\n","protected":false},"author":1,"featured_media":0,"parent":0,"menu_order":0,"comment_status":"closed","ping_status":"closed","template":"","meta":{"footnotes":""},"class_list":["post-12","page","type-page","status-publish","hentry"],"aioseo_notices":[],"_links":{"self":[{"href":"https:\/\/gezaspiegel.de\/index.php\/wp-json\/wp\/v2\/pages\/12","targetHints":{"allow":["GET"]}}],"collection":[{"href":"https:\/\/gezaspiegel.de\/index.php\/wp-json\/wp\/v2\/pages"}],"about":[{"href":"https:\/\/gezaspiegel.de\/index.php\/wp-json\/wp\/v2\/types\/page"}],"author":[{"embeddable":true,"href":"https:\/\/gezaspiegel.de\/index.php\/wp-json\/wp\/v2\/users\/1"}],"replies":[{"embeddable":true,"href":"https:\/\/gezaspiegel.de\/index.php\/wp-json\/wp\/v2\/comments?post=12"}],"version-history":[{"count":8,"href":"https:\/\/gezaspiegel.de\/index.php\/wp-json\/wp\/v2\/pages\/12\/revisions"}],"predecessor-version":[{"id":109,"href":"https:\/\/gezaspiegel.de\/index.php\/wp-json\/wp\/v2\/pages\/12\/revisions\/109"}],"wp:attachment":[{"href":"https:\/\/gezaspiegel.de\/index.php\/wp-json\/wp\/v2\/media?parent=12"}],"curies":[{"name":"wp","href":"https:\/\/api.w.org\/{rel}","templated":true}]}}